{"id":1944,"date":"2026-01-13T23:14:36","date_gmt":"2026-01-13T23:14:36","guid":{"rendered":"https:\/\/panamaaccesible.com\/politica-de-privacidad\/"},"modified":"2026-03-20T01:35:11","modified_gmt":"2026-03-20T01:35:11","slug":"privacy-policy","status":"publish","type":"page","link":"https:\/\/panamaaccesible.com\/en\/privacy-policy\/","title":{"rendered":"Privacy Policy"},"content":{"rendered":"\t\t<div data-elementor-type=\"wp-page\" data-elementor-id=\"1944\" class=\"elementor elementor-1944 elementor-1855\" data-elementor-post-type=\"page\">\n\t\t\t\t\t\t<section class=\"elementor-section elementor-top-section elementor-element elementor-element-7dc6f33 elementor-section-full_width elementor-section-height-min-height elementor-section-height-default elementor-section-items-middle\" data-id=\"7dc6f33\" data-element_type=\"section\" data-e-type=\"section\" data-settings=\"{&quot;background_background&quot;:&quot;classic&quot;}\">\n\t\t\t\t\t\t\t<div class=\"elementor-background-overlay\"><\/div>\n\t\t\t\t\t\t\t<div class=\"elementor-container elementor-column-gap-default\">\n\t\t\t\t\t<div class=\"elementor-column elementor-col-100 elementor-top-column elementor-element elementor-element-7e6e38a\" data-id=\"7e6e38a\" data-element_type=\"column\" data-e-type=\"column\">\n\t\t\t<div class=\"elementor-widget-wrap elementor-element-populated\">\n\t\t\t\t\t\t<div class=\"elementor-element elementor-element-d62aa5c elementor-widget elementor-widget-heading\" data-id=\"d62aa5c\" data-element_type=\"widget\" data-e-type=\"widget\" data-widget_type=\"heading.default\">\n\t\t\t\t\t<h2 class=\"elementor-heading-title elementor-size-default\">Privacy Policy<\/h2>\t\t\t\t<\/div>\n\t\t\t\t<div class=\"elementor-element elementor-element-896ce09 elementor-align-center elementor-widget elementor-widget-breadcrumbs\" data-id=\"896ce09\" data-element_type=\"widget\" data-e-type=\"widget\" data-widget_type=\"breadcrumbs.default\">\n\t\t\t\t\t<p id=\"breadcrumbs\"><span><span><a href=\"http:\/\/panamaaccesible.com\/en\/\">Inicio<\/a><\/span><\/span><\/p>\t\t\t\t<\/div>\n\t\t\t\t\t<\/div>\n\t\t<\/div>\n\t\t\t\t\t<\/div>\n\t\t<\/section>\n\t\t\t\t<section class=\"elementor-section elementor-top-section elementor-element elementor-element-119e8f17 elementor-section-boxed elementor-section-height-default elementor-section-height-default\" data-id=\"119e8f17\" data-element_type=\"section\" data-e-type=\"section\" data-settings=\"{&quot;background_background&quot;:&quot;classic&quot;}\">\n\t\t\t\t\t\t<div class=\"elementor-container elementor-column-gap-default\">\n\t\t\t\t\t<div class=\"elementor-column elementor-col-100 elementor-top-column elementor-element elementor-element-29ae1a7a\" data-id=\"29ae1a7a\" data-element_type=\"column\" data-e-type=\"column\">\n\t\t\t<div class=\"elementor-widget-wrap elementor-element-populated\">\n\t\t\t\t\t\t<div class=\"elementor-element elementor-element-43e58d10 elementor-widget elementor-widget-text-editor\" data-id=\"43e58d10\" data-element_type=\"widget\" data-e-type=\"widget\" data-widget_type=\"text-editor.default\">\n\t\t\t\t\t\t\t\t\t<p><strong>1.\u2060 Data controller<\/strong><\/p>\n<p>Panam\u00e1 Accesible, S.A., with legal domicile in Panama and duly registered with the Public Registry, is responsible for the processing of personal data..<\/p>\n<p><strong>2.\u2060 \u2060Information we collect<\/strong><\/p>\n<p>We may collect the following information:<\/p>\n<ul>\n<li>Contact information: name, email address, phone number, address.<\/li>\n<li>Accessibility information: specific mobility, accompaniment, or assistance requirements related to travel.<\/li>\n<li>Visa, Mastercard, etc. We never store credit card numbers in our systems.<\/li>\n<li>Browsing information: cookies, IP address, and interaction data from our website and social media platforms.<\/li>\n<\/ul>\n<p>&nbsp;<\/p>\n<p><strong>3.\u2060 \u2060Purpose of data use<\/strong><\/p>\n<p>The collected data is used to:<\/p>\n<ul>\n<li>Manage quotations, reservations, and the provision of tourism services.<\/li>\n<li>Coordinate accessibility needs, adapted transportation, and accommodation.<\/li>\n<li>Comply with legal and regulatory requirements (ATP, tax and banking authorities).<\/li>\n<li>Send marketing information and promotions only with your explicit consent.<\/li>\n<li>Improve user experience across our digital services.<\/li>\n<\/ul>\n<p>&nbsp;<\/p>\n<p><strong>4.\u2060 \u2060Information sharing<\/strong><\/p>\n<p>We only share information with:<\/p>\n<ul>\n<li>Tourism service providers (hotels, restaurants, guides, transportation services) when necessary to confirm your reservation.<\/li>\n<li>Regulatory or banking authorities when legally required.<\/li>\n<li>Marketing and analytics platforms (e.g., Meta, Google Ads), subject to their own privacy policies.<\/li>\n<\/ul>\n<p>&nbsp;<\/p>\n<p><strong>5.\u2060 \u2060Data subject rights<\/strong><\/p>\n<p>You may exercise your rights of access, correction, update, and deletion of your personal data by contacting us at: <a href=\"mailto:info@panamaaccesible.com\" target=\"_blank\" rel=\"noopener\">info@panamaaccesible.com<\/a><\/p>\n<p><strong>6.\u2060 Information security<\/strong><\/p>\n<p>We implement technical, administrative, and organizational measures to protect your data against loss, misuse, or unauthorized access.<\/p>\n<p><strong>7.\u2060 \u2060Use of cookies<\/strong><\/p>\n<p>Our website uses cookies to enhance browsing experience and measure the performance of our digital campaigns. You may disable cookies at any time through your browser settings.<\/p>\n<p><strong>8.\u2060 \u2060Validity and updates<\/strong><\/p>\n<p>This policy is effective as of its publication date and may be updated at any time. Any changes will be communicated through our website.<\/p>\n\t\t\t\t\t\t\t\t<\/div>\n\t\t\t\t\t<\/div>\n\t\t<\/div>\n\t\t\t\t\t<\/div>\n\t\t<\/section>\n\t\t\t\t<\/div>\n\t\t","protected":false},"excerpt":{"rendered":"","protected":false},"author":1,"featured_media":1945,"parent":0,"menu_order":0,"comment_status":"closed","ping_status":"closed","template":"","meta":{"inline_featured_image":false,"footnotes":""},"class_list":["post-1944","page","type-page","status-publish","has-post-thumbnail","hentry"],"yoast_head":"<!-- This site is optimized with the Yoast SEO plugin v27.3 - https:\/\/yoast.com\/product\/yoast-seo-wordpress\/ -->\n<title>Privacy Policy - Travel Panam\u00e1 Accesible<\/title>\n<meta name=\"description\" content=\"Panam\u00e1 Accesible, S.A., con domicilio en Panam\u00e1 y registrada ante el Registro P\u00fablico, es responsable del tratamiento de los datos personales.\" \/>\n<meta name=\"robots\" content=\"index, follow, max-snippet:-1, max-image-preview:large, max-video-preview:-1\" \/>\n<link rel=\"canonical\" href=\"http:\/\/panamaaccesible.com\/politica-de-privacidad\/\" \/>\n<meta property=\"og:locale\" content=\"en_US\" \/>\n<meta property=\"og:type\" content=\"article\" \/>\n<meta property=\"og:title\" content=\"Privacy Policy - Travel Panam\u00e1 Accesible\" \/>\n<meta property=\"og:description\" content=\"Panam\u00e1 Accesible, S.A., con domicilio en Panam\u00e1 y registrada ante el Registro P\u00fablico, es responsable del tratamiento de los datos personales.\" \/>\n<meta property=\"og:url\" content=\"http:\/\/panamaaccesible.com\/politica-de-privacidad\/\" \/>\n<meta property=\"og:site_name\" content=\"Travel Panam\u00e1 Accesible\" \/>\n<meta property=\"article:modified_time\" content=\"2026-03-20T01:35:11+00:00\" \/>\n<meta property=\"og:image\" content=\"http:\/\/panamaaccesible.com\/wp-content\/uploads\/2026\/01\/isla-tropical-palmeras-vista-drone-panama.webp\" \/>\n\t<meta property=\"og:image:width\" content=\"1900\" \/>\n\t<meta property=\"og:image:height\" content=\"393\" \/>\n\t<meta property=\"og:image:type\" content=\"image\/webp\" \/>\n<meta name=\"twitter:card\" content=\"summary_large_image\" \/>\n<meta name=\"twitter:label1\" content=\"Est. reading time\" \/>\n\t<meta name=\"twitter:data1\" content=\"1 minute\" \/>\n<script type=\"application\/ld+json\" class=\"yoast-schema-graph\">{\"@context\":\"https:\\\/\\\/schema.org\",\"@graph\":[{\"@type\":\"WebPage\",\"@id\":\"http:\\\/\\\/panamaaccesible.com\\\/politica-de-privacidad\\\/\",\"url\":\"http:\\\/\\\/panamaaccesible.com\\\/politica-de-privacidad\\\/\",\"name\":\"Privacy Policy - Travel Panam\u00e1 Accesible\",\"isPartOf\":{\"@id\":\"https:\\\/\\\/panamaaccesible.com\\\/#website\"},\"primaryImageOfPage\":{\"@id\":\"http:\\\/\\\/panamaaccesible.com\\\/politica-de-privacidad\\\/#primaryimage\"},\"image\":{\"@id\":\"http:\\\/\\\/panamaaccesible.com\\\/politica-de-privacidad\\\/#primaryimage\"},\"thumbnailUrl\":\"https:\\\/\\\/panamaaccesible.com\\\/wp-content\\\/uploads\\\/2026\\\/01\\\/isla-tropical-palmeras-vista-drone-panama.webp\",\"datePublished\":\"2026-01-13T23:14:36+00:00\",\"dateModified\":\"2026-03-20T01:35:11+00:00\",\"description\":\"Panam\u00e1 Accesible, S.A., con domicilio en Panam\u00e1 y registrada ante el Registro P\u00fablico, es responsable del tratamiento de los datos personales.\",\"breadcrumb\":{\"@id\":\"http:\\\/\\\/panamaaccesible.com\\\/politica-de-privacidad\\\/#breadcrumb\"},\"inLanguage\":\"en-US\",\"potentialAction\":[{\"@type\":\"ReadAction\",\"target\":[\"http:\\\/\\\/panamaaccesible.com\\\/politica-de-privacidad\\\/\"]}]},{\"@type\":\"ImageObject\",\"inLanguage\":\"en-US\",\"@id\":\"http:\\\/\\\/panamaaccesible.com\\\/politica-de-privacidad\\\/#primaryimage\",\"url\":\"https:\\\/\\\/panamaaccesible.com\\\/wp-content\\\/uploads\\\/2026\\\/01\\\/isla-tropical-palmeras-vista-drone-panama.webp\",\"contentUrl\":\"https:\\\/\\\/panamaaccesible.com\\\/wp-content\\\/uploads\\\/2026\\\/01\\\/isla-tropical-palmeras-vista-drone-panama.webp\",\"width\":1900,\"height\":393,\"caption\":\"Drone view of a tropical island and palm trees in Panama\"},{\"@type\":\"BreadcrumbList\",\"@id\":\"http:\\\/\\\/panamaaccesible.com\\\/politica-de-privacidad\\\/#breadcrumb\",\"itemListElement\":[{\"@type\":\"ListItem\",\"position\":1,\"name\":\"Inicio\",\"item\":\"http:\\\/\\\/panamaaccesible.com\\\/en\\\/\"},{\"@type\":\"ListItem\",\"position\":2,\"name\":\"Privacy Policy\"}]},{\"@type\":\"WebSite\",\"@id\":\"https:\\\/\\\/panamaaccesible.com\\\/#website\",\"url\":\"https:\\\/\\\/panamaaccesible.com\\\/\",\"name\":\"Travel Panam\u00e1 Accesible\",\"description\":\"\",\"publisher\":{\"@id\":\"https:\\\/\\\/panamaaccesible.com\\\/#organization\"},\"potentialAction\":[{\"@type\":\"SearchAction\",\"target\":{\"@type\":\"EntryPoint\",\"urlTemplate\":\"https:\\\/\\\/panamaaccesible.com\\\/?s={search_term_string}\"},\"query-input\":{\"@type\":\"PropertyValueSpecification\",\"valueRequired\":true,\"valueName\":\"search_term_string\"}}],\"inLanguage\":\"en-US\"},{\"@type\":\"Organization\",\"@id\":\"https:\\\/\\\/panamaaccesible.com\\\/#organization\",\"name\":\"Travel Panam\u00e1 Accesible\",\"url\":\"https:\\\/\\\/panamaaccesible.com\\\/\",\"logo\":{\"@type\":\"ImageObject\",\"inLanguage\":\"en-US\",\"@id\":\"https:\\\/\\\/panamaaccesible.com\\\/#\\\/schema\\\/logo\\\/image\\\/\",\"url\":\"https:\\\/\\\/panamaaccesible.com\\\/wp-content\\\/uploads\\\/2025\\\/12\\\/logo-panama-accesible.svg\",\"contentUrl\":\"https:\\\/\\\/panamaaccesible.com\\\/wp-content\\\/uploads\\\/2025\\\/12\\\/logo-panama-accesible.svg\",\"width\":410,\"height\":89,\"caption\":\"Travel Panam\u00e1 Accesible\"},\"image\":{\"@id\":\"https:\\\/\\\/panamaaccesible.com\\\/#\\\/schema\\\/logo\\\/image\\\/\"}}]}<\/script>\n<!-- \/ Yoast SEO plugin. -->","yoast_head_json":{"title":"Privacy Policy - Travel Panam\u00e1 Accesible","description":"Panam\u00e1 Accesible, S.A., con domicilio en Panam\u00e1 y registrada ante el Registro P\u00fablico, es responsable del tratamiento de los datos personales.","robots":{"index":"index","follow":"follow","max-snippet":"max-snippet:-1","max-image-preview":"max-image-preview:large","max-video-preview":"max-video-preview:-1"},"canonical":"http:\/\/panamaaccesible.com\/politica-de-privacidad\/","og_locale":"en_US","og_type":"article","og_title":"Privacy Policy - Travel Panam\u00e1 Accesible","og_description":"Panam\u00e1 Accesible, S.A., con domicilio en Panam\u00e1 y registrada ante el Registro P\u00fablico, es responsable del tratamiento de los datos personales.","og_url":"http:\/\/panamaaccesible.com\/politica-de-privacidad\/","og_site_name":"Travel Panam\u00e1 Accesible","article_modified_time":"2026-03-20T01:35:11+00:00","og_image":[{"width":1900,"height":393,"url":"http:\/\/panamaaccesible.com\/wp-content\/uploads\/2026\/01\/isla-tropical-palmeras-vista-drone-panama.webp","type":"image\/webp"}],"twitter_card":"summary_large_image","twitter_misc":{"Est. reading time":"1 minute"},"schema":{"@context":"https:\/\/schema.org","@graph":[{"@type":"WebPage","@id":"http:\/\/panamaaccesible.com\/politica-de-privacidad\/","url":"http:\/\/panamaaccesible.com\/politica-de-privacidad\/","name":"Privacy Policy - Travel Panam\u00e1 Accesible","isPartOf":{"@id":"https:\/\/panamaaccesible.com\/#website"},"primaryImageOfPage":{"@id":"http:\/\/panamaaccesible.com\/politica-de-privacidad\/#primaryimage"},"image":{"@id":"http:\/\/panamaaccesible.com\/politica-de-privacidad\/#primaryimage"},"thumbnailUrl":"https:\/\/panamaaccesible.com\/wp-content\/uploads\/2026\/01\/isla-tropical-palmeras-vista-drone-panama.webp","datePublished":"2026-01-13T23:14:36+00:00","dateModified":"2026-03-20T01:35:11+00:00","description":"Panam\u00e1 Accesible, S.A., con domicilio en Panam\u00e1 y registrada ante el Registro P\u00fablico, es responsable del tratamiento de los datos personales.","breadcrumb":{"@id":"http:\/\/panamaaccesible.com\/politica-de-privacidad\/#breadcrumb"},"inLanguage":"en-US","potentialAction":[{"@type":"ReadAction","target":["http:\/\/panamaaccesible.com\/politica-de-privacidad\/"]}]},{"@type":"ImageObject","inLanguage":"en-US","@id":"http:\/\/panamaaccesible.com\/politica-de-privacidad\/#primaryimage","url":"https:\/\/panamaaccesible.com\/wp-content\/uploads\/2026\/01\/isla-tropical-palmeras-vista-drone-panama.webp","contentUrl":"https:\/\/panamaaccesible.com\/wp-content\/uploads\/2026\/01\/isla-tropical-palmeras-vista-drone-panama.webp","width":1900,"height":393,"caption":"Drone view of a tropical island and palm trees in Panama"},{"@type":"BreadcrumbList","@id":"http:\/\/panamaaccesible.com\/politica-de-privacidad\/#breadcrumb","itemListElement":[{"@type":"ListItem","position":1,"name":"Inicio","item":"http:\/\/panamaaccesible.com\/en\/"},{"@type":"ListItem","position":2,"name":"Privacy Policy"}]},{"@type":"WebSite","@id":"https:\/\/panamaaccesible.com\/#website","url":"https:\/\/panamaaccesible.com\/","name":"Travel Panam\u00e1 Accesible","description":"","publisher":{"@id":"https:\/\/panamaaccesible.com\/#organization"},"potentialAction":[{"@type":"SearchAction","target":{"@type":"EntryPoint","urlTemplate":"https:\/\/panamaaccesible.com\/?s={search_term_string}"},"query-input":{"@type":"PropertyValueSpecification","valueRequired":true,"valueName":"search_term_string"}}],"inLanguage":"en-US"},{"@type":"Organization","@id":"https:\/\/panamaaccesible.com\/#organization","name":"Travel Panam\u00e1 Accesible","url":"https:\/\/panamaaccesible.com\/","logo":{"@type":"ImageObject","inLanguage":"en-US","@id":"https:\/\/panamaaccesible.com\/#\/schema\/logo\/image\/","url":"https:\/\/panamaaccesible.com\/wp-content\/uploads\/2025\/12\/logo-panama-accesible.svg","contentUrl":"https:\/\/panamaaccesible.com\/wp-content\/uploads\/2025\/12\/logo-panama-accesible.svg","width":410,"height":89,"caption":"Travel Panam\u00e1 Accesible"},"image":{"@id":"https:\/\/panamaaccesible.com\/#\/schema\/logo\/image\/"}}]}},"_links":{"self":[{"href":"https:\/\/panamaaccesible.com\/en\/wp-json\/wp\/v2\/pages\/1944","targetHints":{"allow":["GET"]}}],"collection":[{"href":"https:\/\/panamaaccesible.com\/en\/wp-json\/wp\/v2\/pages"}],"about":[{"href":"https:\/\/panamaaccesible.com\/en\/wp-json\/wp\/v2\/types\/page"}],"author":[{"embeddable":true,"href":"https:\/\/panamaaccesible.com\/en\/wp-json\/wp\/v2\/users\/1"}],"replies":[{"embeddable":true,"href":"https:\/\/panamaaccesible.com\/en\/wp-json\/wp\/v2\/comments?post=1944"}],"version-history":[{"count":1,"href":"https:\/\/panamaaccesible.com\/en\/wp-json\/wp\/v2\/pages\/1944\/revisions"}],"predecessor-version":[{"id":8429,"href":"https:\/\/panamaaccesible.com\/en\/wp-json\/wp\/v2\/pages\/1944\/revisions\/8429"}],"wp:featuredmedia":[{"embeddable":true,"href":"https:\/\/panamaaccesible.com\/en\/wp-json\/wp\/v2\/media\/1945"}],"wp:attachment":[{"href":"https:\/\/panamaaccesible.com\/en\/wp-json\/wp\/v2\/media?parent=1944"}],"curies":[{"name":"wp","href":"https:\/\/api.w.org\/{rel}","templated":true}]}}